{"id":400,"date":"2024-09-27T06:44:16","date_gmt":"2024-09-27T06:44:16","guid":{"rendered":"https:\/\/arhitekton.com.hr\/?page_id=400"},"modified":"2024-10-08T06:31:28","modified_gmt":"2024-10-08T06:31:28","slug":"o-nama","status":"publish","type":"page","link":"https:\/\/arhitekton.com.hr\/en\/o-nama\/","title":{"rendered":"About Us"},"content":{"rendered":"<div data-elementor-type=\"wp-page\" data-elementor-id=\"400\" class=\"elementor elementor-400\" data-elementor-post-type=\"page\">\n\t\t\t\t<div class=\"elementor-element elementor-element-8363c88 e-flex e-con-boxed e-con e-parent\" data-id=\"8363c88\" data-element_type=\"container\" data-settings=\"{&quot;background_background&quot;:&quot;classic&quot;}\">\n\t\t\t\t\t<div class=\"e-con-inner\">\n\t\t\t\t<div class=\"elementor-element elementor-element-a6e3200 elementor-widget elementor-widget-text-editor\" data-id=\"a6e3200\" data-element_type=\"widget\" data-widget_type=\"text-editor.default\">\n\t\t\t\t<div class=\"elementor-widget-container\">\n\t\t\t\t\t\t\t<p>Arhitekton d.o.o. design office for design and supervision was established in January 2015 in Karlovac. Its primary activities include the creation of project documentation for commercial, residential, sports, and cultural buildings, projects for the design of outdoor spaces and interiors, and supervision of construction works.<\/p><p>Key projects developed by the design office from 2015 to 2024 include:<\/p><ul><li>Center for Foundry SIMET, Faculty of Metallurgy, Sisak, project documentation 2015-2016, realization 2024.<\/li><li>Square in Frankopanska Street in Sisak, City of Sisak, project documentation 2015-2016, realization 2016.<\/li><li>Family house, Zagreb, private investor, project documentation 2016-2017.<\/li><li>Renovation of a family house, Selce, private investor, project documentation, 2016.<\/li><li>Sports Hall Me\u010den\u010dani, Donji Kukuruzari, project documentation 2017-2020.<\/li><li>Interior of commercial space, Zagreb, private investor, conceptual design 2017.<\/li><li>Kalnik Cinema, Kri\u017eevci, City of Kri\u017eevci, project documentation 2018.<\/li><li>Family house with a pool, Svetvin\u010denat, private investor, project documentation 2018.<\/li><li>Arrangement of Vladimir Nazor Promenade, Sisak, City of Sisak, project documentation 2018, realization 2024.<\/li><li>Interior projects for tourist houses, Selce, private investor, interior projects 2018-2019.<\/li><li>Cinema within the technological park Kri\u017eevci, City of Kri\u017eevci, project documentation 2019, realization 2020.<\/li><li>Production facility, Logori\u0161te, Karlovac, private investor, project documentation 2019-2020.<\/li><li>Family house, Selce, private investor, conceptual design 2019.<\/li><li>Novi Marof Cemetery, City of Novi Marof, project documentation 2020-2021.<\/li><li>Reconstruction of the Mustad building, Karlovac, private investor, project documentation 2020, realization 2020-2022.<\/li><li>Park in Hrvatska Kostajnica, City of Hrvatska Kostajnica, project documentation 2020-2021.<\/li><li>Opatovina Park, Topusko, Municipality of Topusko, project documentation 2020-2022.<\/li><li>Apartment interior, Karlovac, private investor, interior project 2021, realization 2021-2022.<\/li><li>Family house with a pool, Momjan, private investor, project documentation 2022, in realization.<\/li><li>Apartment interior, Zagreb, private investor, interior project 2022, realization 2022.<\/li><li>Interior of a cafe bar, Karlovac, private investor, interior project 2022, realization 2022.<\/li><li>Apartment interior, Zagreb, private investor, interior project 2022, realization 2023.<\/li><li>Warehouse building, Mar\u010dana, Petrokov d.o.o., project documentation 2022-2024.<\/li><li>Camp rest area, Mre\u017eni\u010dki brig, private investor, project documentation 2022, realization 2024.<\/li><li>Novi Marof Square, City of Novi Marof, project documentation 2022-2023.<\/li><li>Family house with a pool, Zastinja, private investor, project documentation 2022-2023.<\/li><li>Comprehensive renovation of O\u0160 Dragojla Jarnevi\u0107 building, Karlovac, City of Karlovac, project documentation 2023.<\/li><li>Interior of commercial space, Karlovac, private investor, project 2023, realization 2024.<\/li><li>Conservation study of Bosiljevo park, Bosiljevo, Karlovac County, 2023.<\/li><li>Firefighting center Senj, City of Senj, conceptual design 2023-2024.<\/li><li>Fountain on Trg bana Josipa Jela\u010di\u0107a, Karlovac, City of Karlovac, project documentation 2024.<\/li><\/ul>\t\t\t\t\t\t<\/div>\n\t\t\t\t<\/div>\n\t\t\t\t<div class=\"elementor-element elementor-element-9021f1b elementor-widget elementor-widget-heading\" data-id=\"9021f1b\" data-element_type=\"widget\" data-widget_type=\"heading.default\">\n\t\t\t\t<div class=\"elementor-widget-container\">\n\t\t\t<h2 class=\"elementor-heading-title elementor-size-default\">Our team<\/h2>\t\t<\/div>\n\t\t\t\t<\/div>\n\t\t<div class=\"elementor-element elementor-element-4ee8316 e-con-full e-flex e-con e-child\" data-id=\"4ee8316\" data-element_type=\"container\">\n\t\t<div class=\"elementor-element elementor-element-6ae0bbf e-con-full e-flex e-con e-child\" data-id=\"6ae0bbf\" data-element_type=\"container\">\n\t\t\t\t<div class=\"elementor-element elementor-element-b655141 elementor-widget__width-auto elementor-widget elementor-widget-text-editor\" data-id=\"b655141\" data-element_type=\"widget\" data-widget_type=\"text-editor.default\">\n\t\t\t\t<div class=\"elementor-widget-container\">\n\t\t\t\t\t\t\t<p>Zrinka Beni\u0107 Jerini\u0107, dipl.ing.arh.<\/p><p>director \/ chief architect \/ project manager<\/p><p><a href=\"mailto:arhitekton@arhitekton.com.hr\">arhitekton@arhitekton.com.hr<\/a><\/p><p><a href=\"tel: 385 98 797 751\">+385 98 797 751<\/a><\/p>\t\t\t\t\t\t<\/div>\n\t\t\t\t<\/div>\n\t\t\t\t<\/div>\n\t\t<div class=\"elementor-element elementor-element-fc8a7c9 e-con-full e-flex e-con e-child\" data-id=\"fc8a7c9\" data-element_type=\"container\">\n\t\t\t\t<div class=\"elementor-element elementor-element-64ece31 elementor-widget elementor-widget-text-editor\" data-id=\"64ece31\" data-element_type=\"widget\" data-widget_type=\"text-editor.default\">\n\t\t\t\t<div class=\"elementor-widget-container\">\n\t\t\t\t\t\t\t<p>Josip Mahovli\u0107, mag.ing.arch.<\/p><p>associate architect<\/p><p><a href=\"mailto:josip@arhitekton.com.hr\">josip@arhitekton.com.hr<\/a><\/p><p><a href=\"tel: 385 98 5245 534\">+385 98 5245 534<\/a><\/p>\t\t\t\t\t\t<\/div>\n\t\t\t\t<\/div>\n\t\t\t\t<\/div>\n\t\t\t\t<\/div>\n\t\t\t\t\t<\/div>\n\t\t\t\t<\/div>\n\t\t\t\t<\/div>","protected":false},"excerpt":{"rendered":"<p>Projektni biro arhitekton d.o.o. za projektiranje i nadzor osnovan je u sije\u010dnju 2015. godine u Karlovcu. Osnovna djelatnost obuhva\u0107a izradu projektne dokumentacije za poslovne, stambene, sportske i kulturne gra\u0111evine, projekte ure\u0111enja vanjskih prostora i interijera te nadzor nad izvo\u0111enjm radova. Va\u017eniji projekti izra\u0111eni u projektnom birou od 2015. do 2024.: Centar za ljevarstvo SIMET, Metalur\u0161ki [&hellip;]<\/p>","protected":false},"author":1,"featured_media":0,"parent":0,"menu_order":0,"comment_status":"closed","ping_status":"closed","template":"","meta":{"_acf_changed":false,"footnotes":""},"class_list":["post-400","page","type-page","status-publish","hentry"],"acf":[],"yoast_head":"<!-- This site is optimized with the Yoast SEO plugin v23.6 - https:\/\/yoast.com\/wordpress\/plugins\/seo\/ -->\n<title>O nama - Arhitekton<\/title>\n<meta name=\"robots\" content=\"index, follow, max-snippet:-1, max-image-preview:large, max-video-preview:-1\" \/>\n<link rel=\"canonical\" href=\"https:\/\/arhitekton.com.hr\/en\/o-nama\/\" \/>\n<meta property=\"og:locale\" content=\"en_US\" \/>\n<meta property=\"og:type\" content=\"article\" \/>\n<meta property=\"og:title\" content=\"O nama - Arhitekton\" \/>\n<meta property=\"og:description\" content=\"Projektni biro arhitekton d.o.o. za projektiranje i nadzor osnovan je u sije\u010dnju 2015. godine u Karlovcu. Osnovna djelatnost obuhva\u0107a izradu projektne dokumentacije za poslovne, stambene, sportske i kulturne gra\u0111evine, projekte ure\u0111enja vanjskih prostora i interijera te nadzor nad izvo\u0111enjm radova. Va\u017eniji projekti izra\u0111eni u projektnom birou od 2015. do 2024.: Centar za ljevarstvo SIMET, Metalur\u0161ki [&hellip;]\" \/>\n<meta property=\"og:url\" content=\"https:\/\/arhitekton.com.hr\/en\/o-nama\/\" \/>\n<meta property=\"og:site_name\" content=\"Arhitekton\" \/>\n<meta property=\"article:modified_time\" content=\"2024-10-08T06:31:28+00:00\" \/>\n<meta name=\"twitter:card\" content=\"summary_large_image\" \/>\n<meta name=\"twitter:label1\" content=\"Est. reading time\" \/>\n\t<meta name=\"twitter:data1\" content=\"2 minutes\" \/>\n<script type=\"application\/ld+json\" class=\"yoast-schema-graph\">{\"@context\":\"https:\/\/schema.org\",\"@graph\":[{\"@type\":\"WebPage\",\"@id\":\"https:\/\/arhitekton.com.hr\/o-nama\/\",\"url\":\"https:\/\/arhitekton.com.hr\/o-nama\/\",\"name\":\"O nama - Arhitekton\",\"isPartOf\":{\"@id\":\"https:\/\/arhitekton.com.hr\/#website\"},\"datePublished\":\"2024-09-27T06:44:16+00:00\",\"dateModified\":\"2024-10-08T06:31:28+00:00\",\"breadcrumb\":{\"@id\":\"https:\/\/arhitekton.com.hr\/o-nama\/#breadcrumb\"},\"inLanguage\":\"en-US\",\"potentialAction\":[{\"@type\":\"ReadAction\",\"target\":[\"https:\/\/arhitekton.com.hr\/o-nama\/\"]}]},{\"@type\":\"BreadcrumbList\",\"@id\":\"https:\/\/arhitekton.com.hr\/o-nama\/#breadcrumb\",\"itemListElement\":[{\"@type\":\"ListItem\",\"position\":1,\"name\":\"Home\",\"item\":\"https:\/\/arhitekton.com.hr\/\"},{\"@type\":\"ListItem\",\"position\":2,\"name\":\"O nama\"}]},{\"@type\":\"WebSite\",\"@id\":\"https:\/\/arhitekton.com.hr\/#website\",\"url\":\"https:\/\/arhitekton.com.hr\/\",\"name\":\"Arhitekton\",\"description\":\"Projektiranje i nadzor\",\"publisher\":{\"@id\":\"https:\/\/arhitekton.com.hr\/#organization\"},\"potentialAction\":[{\"@type\":\"SearchAction\",\"target\":{\"@type\":\"EntryPoint\",\"urlTemplate\":\"https:\/\/arhitekton.com.hr\/?s={search_term_string}\"},\"query-input\":{\"@type\":\"PropertyValueSpecification\",\"valueRequired\":true,\"valueName\":\"search_term_string\"}}],\"inLanguage\":\"en-US\"},{\"@type\":\"Organization\",\"@id\":\"https:\/\/arhitekton.com.hr\/#organization\",\"name\":\"Arhitekton\",\"url\":\"https:\/\/arhitekton.com.hr\/\",\"logo\":{\"@type\":\"ImageObject\",\"inLanguage\":\"en-US\",\"@id\":\"https:\/\/arhitekton.com.hr\/#\/schema\/logo\/image\/\",\"url\":\"https:\/\/arhitekton.com.hr\/wp-content\/uploads\/2024\/09\/arhitekton_logo.png\",\"contentUrl\":\"https:\/\/arhitekton.com.hr\/wp-content\/uploads\/2024\/09\/arhitekton_logo.png\",\"width\":6453,\"height\":1868,\"caption\":\"Arhitekton\"},\"image\":{\"@id\":\"https:\/\/arhitekton.com.hr\/#\/schema\/logo\/image\/\"}}]}<\/script>\n<!-- \/ Yoast SEO plugin. -->","yoast_head_json":{"title":"O nama - Arhitekton","robots":{"index":"index","follow":"follow","max-snippet":"max-snippet:-1","max-image-preview":"max-image-preview:large","max-video-preview":"max-video-preview:-1"},"canonical":"https:\/\/arhitekton.com.hr\/en\/o-nama\/","og_locale":"en_US","og_type":"article","og_title":"O nama - Arhitekton","og_description":"Projektni biro arhitekton d.o.o. za projektiranje i nadzor osnovan je u sije\u010dnju 2015. godine u Karlovcu. Osnovna djelatnost obuhva\u0107a izradu projektne dokumentacije za poslovne, stambene, sportske i kulturne gra\u0111evine, projekte ure\u0111enja vanjskih prostora i interijera te nadzor nad izvo\u0111enjm radova. Va\u017eniji projekti izra\u0111eni u projektnom birou od 2015. do 2024.: Centar za ljevarstvo SIMET, Metalur\u0161ki [&hellip;]","og_url":"https:\/\/arhitekton.com.hr\/en\/o-nama\/","og_site_name":"Arhitekton","article_modified_time":"2024-10-08T06:31:28+00:00","twitter_card":"summary_large_image","twitter_misc":{"Est. reading time":"2 minutes"},"schema":{"@context":"https:\/\/schema.org","@graph":[{"@type":"WebPage","@id":"https:\/\/arhitekton.com.hr\/o-nama\/","url":"https:\/\/arhitekton.com.hr\/o-nama\/","name":"O nama - Arhitekton","isPartOf":{"@id":"https:\/\/arhitekton.com.hr\/#website"},"datePublished":"2024-09-27T06:44:16+00:00","dateModified":"2024-10-08T06:31:28+00:00","breadcrumb":{"@id":"https:\/\/arhitekton.com.hr\/o-nama\/#breadcrumb"},"inLanguage":"en-US","potentialAction":[{"@type":"ReadAction","target":["https:\/\/arhitekton.com.hr\/o-nama\/"]}]},{"@type":"BreadcrumbList","@id":"https:\/\/arhitekton.com.hr\/o-nama\/#breadcrumb","itemListElement":[{"@type":"ListItem","position":1,"name":"Home","item":"https:\/\/arhitekton.com.hr\/"},{"@type":"ListItem","position":2,"name":"O nama"}]},{"@type":"WebSite","@id":"https:\/\/arhitekton.com.hr\/#website","url":"https:\/\/arhitekton.com.hr\/","name":"Arhitekton","description":"Projektiranje i nadzor","publisher":{"@id":"https:\/\/arhitekton.com.hr\/#organization"},"potentialAction":[{"@type":"SearchAction","target":{"@type":"EntryPoint","urlTemplate":"https:\/\/arhitekton.com.hr\/?s={search_term_string}"},"query-input":{"@type":"PropertyValueSpecification","valueRequired":true,"valueName":"search_term_string"}}],"inLanguage":"en-US"},{"@type":"Organization","@id":"https:\/\/arhitekton.com.hr\/#organization","name":"Arhitekton","url":"https:\/\/arhitekton.com.hr\/","logo":{"@type":"ImageObject","inLanguage":"en-US","@id":"https:\/\/arhitekton.com.hr\/#\/schema\/logo\/image\/","url":"https:\/\/arhitekton.com.hr\/wp-content\/uploads\/2024\/09\/arhitekton_logo.png","contentUrl":"https:\/\/arhitekton.com.hr\/wp-content\/uploads\/2024\/09\/arhitekton_logo.png","width":6453,"height":1868,"caption":"Arhitekton"},"image":{"@id":"https:\/\/arhitekton.com.hr\/#\/schema\/logo\/image\/"}}]}},"_links":{"self":[{"href":"https:\/\/arhitekton.com.hr\/en\/wp-json\/wp\/v2\/pages\/400","targetHints":{"allow":["GET"]}}],"collection":[{"href":"https:\/\/arhitekton.com.hr\/en\/wp-json\/wp\/v2\/pages"}],"about":[{"href":"https:\/\/arhitekton.com.hr\/en\/wp-json\/wp\/v2\/types\/page"}],"author":[{"embeddable":true,"href":"https:\/\/arhitekton.com.hr\/en\/wp-json\/wp\/v2\/users\/1"}],"replies":[{"embeddable":true,"href":"https:\/\/arhitekton.com.hr\/en\/wp-json\/wp\/v2\/comments?post=400"}],"version-history":[{"count":49,"href":"https:\/\/arhitekton.com.hr\/en\/wp-json\/wp\/v2\/pages\/400\/revisions"}],"predecessor-version":[{"id":674,"href":"https:\/\/arhitekton.com.hr\/en\/wp-json\/wp\/v2\/pages\/400\/revisions\/674"}],"wp:attachment":[{"href":"https:\/\/arhitekton.com.hr\/en\/wp-json\/wp\/v2\/media?parent=400"}],"curies":[{"name":"wp","href":"https:\/\/api.w.org\/{rel}","templated":true}]}}